{"id":87,"date":"2024-09-04T10:30:04","date_gmt":"2024-09-04T10:30:04","guid":{"rendered":"http:\/\/capagastro2026.org\/?page_id=87"},"modified":"2026-03-03T10:00:35","modified_gmt":"2026-03-03T10:00:35","slug":"bildiri-gonderimi","status":"publish","type":"page","link":"https:\/\/capagastro2026.org\/en\/bildiri-gonderimi\/","title":{"rendered":"Abstract Submission"},"content":{"rendered":"<p>[et_pb_section fb_built=&#8221;1&#8243; fullwidth=&#8221;on&#8221; _builder_version=&#8221;4.17.4&#8243; _module_preset=&#8221;default&#8221; global_colors_info=&#8221;{}&#8221;][et_pb_fullwidth_post_title meta=&#8221;off&#8221; featured_image=&#8221;off&#8221; _builder_version=&#8221;4.17.4&#8243; _module_preset=&#8221;default&#8221; title_font=&#8221;|700||on|||||&#8221; title_text_color=&#8221;#FFFFFF&#8221; background_color=&#8221;#014288&#8243; custom_padding=&#8221;150px||20px||false|false&#8221; global_colors_info=&#8221;{}&#8221;][\/et_pb_fullwidth_post_title][\/et_pb_section][et_pb_section fb_built=&#8221;1&#8243; _builder_version=&#8221;4.17.4&#8243; _module_preset=&#8221;default&#8221; custom_padding=&#8221;||||false|false&#8221; global_colors_info=&#8221;{}&#8221;][et_pb_row _builder_version=&#8221;4.17.4&#8243; _module_preset=&#8221;default&#8221; global_colors_info=&#8221;{}&#8221;][et_pb_column type=&#8221;4_4&#8243; _builder_version=&#8221;4.17.4&#8243; _module_preset=&#8221;default&#8221; global_colors_info=&#8221;{}&#8221;][et_pb_button button_url=&#8221;https:\/\/form.jotform.com\/252990693484977&#8243; url_new_window=&#8221;on&#8221; button_text=&#8221;Bildiri g\u00f6nderimi i\u00e7in t\u0131klay\u0131n\u0131z&#8221; _builder_version=&#8221;4.17.4&#8243; _module_preset=&#8221;default&#8221; custom_button=&#8221;on&#8221; button_text_color=&#8221;#FFFFFF&#8221; button_bg_color=&#8221;#0C71C3&#8243; box_shadow_style=&#8221;preset1&#8243; global_colors_info=&#8221;{}&#8221;][\/et_pb_button][et_pb_text _builder_version=&#8221;4.17.4&#8243; _module_preset=&#8221;default&#8221; global_colors_info=&#8221;{}&#8221;]<\/p>\n<p>Bildirilerin toplant\u0131 web sitesi \u00fczerinden online g\u00f6nderilmesi tek ge\u00e7erli bildiri g\u00f6nderim \u015feklidir. Sistemden ba\u011f\u0131ms\u0131z olarak e-mail ve posta yoluyla g\u00f6nderilen bildiriler kabul edilmeyecektir.\u00a0\u00a0<\/p>\n<p><strong>Bildiri \u00d6zeti Son G\u00f6nderim Tarihi: 6 Mart 2026<\/strong><\/p>\n<p>\u00a0Toplant\u0131da sunulacak bildiriler deneysel \u00e7al\u0131\u015fma, klinik \u00e7al\u0131\u015fma ve \u00f6zg\u00fcn olgu sunumlar\u0131 \u015feklinde, bilimsel geli\u015fmeye katk\u0131da bulunabilecek \u00f6zellikte olmal\u0131 ve sonu\u00e7 mesaj\u0131 vermelidir. \u0130nternet \u00fczerinden g\u00f6nderilen \u00f6zetler ayn\u0131 \u015fekilde bas\u0131laca\u011f\u0131 i\u00e7in yaz\u0131m hatalar\u0131na dikkat edilmesi gerekir. T\u00fcm yaz\u0131m hatalar\u0131ndan yazarlar sorumludur.\u00a0<\/p>\n<p><strong>Yaz\u0131m Kurallar\u0131<\/strong><\/p>\n<ul>\n<li>\u00d6zetler online bildiri \u00f6zet sistemi ile toplanacakt\u0131r.<\/li>\n<li>Yazar isimlerinde akademik \u00fcnvan kullan\u0131lmamal\u0131d\u0131r.<\/li>\n<li>\u0130simler sadece ilk harf b\u00fcy\u00fck olacak \u015fekilde k\u00fc\u00e7\u00fck harflerle yaz\u0131lmal\u0131d\u0131r.<br \/><em>\u00d6rn: Mehmet Y\u0131lmaz<\/em><\/li>\n<li>Yazarlar\u0131n \u00e7al\u0131\u015ft\u0131klar\u0131 kurumlar\u0131n ad ve adresleri mutlaka belirtilmelidir.<br \/><em>\u00d6rn: Xxxx \u00dcniversitesi T\u0131p Fak\u00fcltesi, Xxxx Ana Bilim Dal\u0131, \u0130zmir<\/em><\/li>\n<li>\u00d6zet ba\u015fl\u0131\u011f\u0131n\u0131n sadece ilk harfi b\u00fcy\u00fck yaz\u0131lmal\u0131d\u0131r. (K\u0131saltmalar istisnad\u0131r.)<br \/><em>\u00d6rn: Xxxxx xxxx xxxxxx xxxxx xxx XXX xxxx xxxx<\/em><\/li>\n<li>\u00d6zet i\u00e7inde k\u0131saltma kullan\u0131lmas\u0131 halinde, k\u0131saltman\u0131n a\u00e7\u0131k ad\u0131 parantez i\u00e7inde belirtilmelidir<\/li>\n<li>\u00d6zette \u00e7al\u0131\u015fman\u0131n amac\u0131 ve kullan\u0131lan y\u00f6ntemler k\u0131saca belirtilmeli, bulgular yeterli say\u0131sal ayr\u0131nt\u0131yla birlikte \u00f6zetlenmeli ve sunulan bulgular \u00e7er\u00e7evesinde sonu\u00e7 a\u00e7\u0131klanmal\u0131d\u0131r.<\/li>\n<li>\u00d6zet; ama\u00e7, y\u00f6ntem, bulgular ve sonu\u00e7 ba\u015fl\u0131klar\u0131 kullan\u0131larak yaz\u0131lmal\u0131d\u0131r.<\/li>\n<li>\u00d6zetin tamam\u0131, ba\u015fl\u0131k ad\u0131, yazar\u0131n ad\u0131, soyad\u0131 hari\u00e7 olmak \u00fczere\u00a0<strong>400\u00a0<\/strong>kelimeyi ge\u00e7memelidir.\u00a0<\/li>\n<\/ul>\n<p>Bu maddelerden herhangi birine uymayan bildiri \u00f6zeti, i\u00e7eri\u011fine bak\u0131lmaks\u0131z\u0131n de\u011ferlendirme d\u0131\u015f\u0131 b\u0131rak\u0131lacakt\u0131r.\u00a0<\/p>\n<p><strong>Bildirilerin De\u011ferlendirilmesi<\/strong><\/p>\n<ul>\n<li>Bildirilerin de\u011ferlendirmesi Bildiri De\u011ferlendirme Komitesince yap\u0131lacakt\u0131r.<\/li>\n<li>De\u011ferlendirme sonucu t\u00fcm bildiri sahiplerine sonu\u00e7 yaz\u0131s\u0131 olarak g\u00f6nderilecek ve web sitesinde a\u00e7\u0131klanacakt\u0131r.<\/li>\n<li>Bilimsel Kurul, bildirileri s\u00f6zel ve poster sunum olarak de\u011fi\u015ftirme ve karar verme hakk\u0131na sahiptir<\/li>\n<\/ul>\n<p>&nbsp;<\/p>\n<p>[\/et_pb_text][\/et_pb_column][\/et_pb_row][\/et_pb_section]<\/p>\n","protected":false},"excerpt":{"rendered":"<p>Bildirilerin toplant\u0131 web sitesi \u00fczerinden online g\u00f6nderilmesi tek ge\u00e7erli bildiri g\u00f6nderim \u015feklidir. Sistemden ba\u011f\u0131ms\u0131z olarak e-mail ve posta yoluyla g\u00f6nderilen bildiriler kabul edilmeyecektir.\u00a0\u00a0 Bildiri \u00d6zeti Son G\u00f6nderim Tarihi: 6 Mart 2026 \u00a0Toplant\u0131da sunulacak bildiriler deneysel \u00e7al\u0131\u015fma, klinik \u00e7al\u0131\u015fma ve \u00f6zg\u00fcn olgu sunumlar\u0131 \u015feklinde, bilimsel geli\u015fmeye katk\u0131da bulunabilecek \u00f6zellikte olmal\u0131 ve sonu\u00e7 mesaj\u0131 vermelidir. \u0130nternet \u00fczerinden [&hellip;]<\/p>\n","protected":false},"author":1,"featured_media":0,"parent":0,"menu_order":0,"comment_status":"closed","ping_status":"closed","template":"","meta":{"_et_pb_use_builder":"on","_et_pb_old_content":"","_et_gb_content_width":"","footnotes":""},"class_list":["post-87","page","type-page","status-publish","hentry"],"_links":{"self":[{"href":"https:\/\/capagastro2026.org\/en\/wp-json\/wp\/v2\/pages\/87","targetHints":{"allow":["GET"]}}],"collection":[{"href":"https:\/\/capagastro2026.org\/en\/wp-json\/wp\/v2\/pages"}],"about":[{"href":"https:\/\/capagastro2026.org\/en\/wp-json\/wp\/v2\/types\/page"}],"author":[{"embeddable":true,"href":"https:\/\/capagastro2026.org\/en\/wp-json\/wp\/v2\/users\/1"}],"replies":[{"embeddable":true,"href":"https:\/\/capagastro2026.org\/en\/wp-json\/wp\/v2\/comments?post=87"}],"version-history":[{"count":11,"href":"https:\/\/capagastro2026.org\/en\/wp-json\/wp\/v2\/pages\/87\/revisions"}],"predecessor-version":[{"id":359,"href":"https:\/\/capagastro2026.org\/en\/wp-json\/wp\/v2\/pages\/87\/revisions\/359"}],"wp:attachment":[{"href":"https:\/\/capagastro2026.org\/en\/wp-json\/wp\/v2\/media?parent=87"}],"curies":[{"name":"wp","href":"https:\/\/api.w.org\/{rel}","templated":true}]}}