{"id":84,"date":"2024-09-04T10:29:43","date_gmt":"2024-09-04T10:29:43","guid":{"rendered":"http:\/\/capagastro2026.org\/?page_id=84"},"modified":"2025-10-24T14:58:37","modified_gmt":"2025-10-24T14:58:37","slug":"iletisim","status":"publish","type":"page","link":"https:\/\/capagastro2026.org\/en\/iletisim\/","title":{"rendered":"Contact"},"content":{"rendered":"<p>[et_pb_section fb_built=&#8221;1&#8243; fullwidth=&#8221;on&#8221; _builder_version=&#8221;4.17.4&#8243; _module_preset=&#8221;default&#8221; global_colors_info=&#8221;{}&#8221;][et_pb_fullwidth_post_title meta=&#8221;off&#8221; featured_image=&#8221;off&#8221; _builder_version=&#8221;4.17.4&#8243; _module_preset=&#8221;default&#8221; title_font=&#8221;|700||on|||||&#8221; title_text_color=&#8221;#FFFFFF&#8221; background_color=&#8221;#014288&#8243; custom_padding=&#8221;150px||20px||false|false&#8221; hover_enabled=&#8221;0&#8243; global_colors_info=&#8221;{}&#8221; sticky_enabled=&#8221;0&#8243;][\/et_pb_fullwidth_post_title][\/et_pb_section][et_pb_section fb_built=&#8221;1&#8243; _builder_version=&#8221;4.17.4&#8243; _module_preset=&#8221;default&#8221; custom_padding=&#8221;||||false|false&#8221; global_colors_info=&#8221;{}&#8221;][et_pb_row _builder_version=&#8221;4.17.4&#8243; _module_preset=&#8221;default&#8221; global_colors_info=&#8221;{}&#8221;][et_pb_column type=&#8221;4_4&#8243; _builder_version=&#8221;4.17.4&#8243; _module_preset=&#8221;default&#8221; global_colors_info=&#8221;{}&#8221;][et_pb_text _builder_version=&#8221;4.17.4&#8243; _module_preset=&#8221;default&#8221; global_colors_info=&#8221;{}&#8221;]<\/p>\n<p><img loading=\"lazy\" decoding=\"async\" src=\"https:\/\/capagastro2026.org\/wp-content\/uploads\/2024\/09\/d_event.png\" width=\"94\" height=\"112\" alt=\"\" class=\"wp-image-105 alignnone size-full\" \/><\/p>\n<p><strong>ORGAN\u0130ZASYON SEKRETERYASI<br \/>Devent Turizm Organizasyon Hizmetleri A.\u015e.<\/strong><br \/>\u0130\u00e7erenk\u00f6y Mah. \u00c7ay\u0131r Cad. No:5 Bay Plaza Kat:12 34746<br \/>Ata\u015fehir-\u0130stanbul<\/p>\n<p>E-Mail: <a href=\"mailto:kongre@devent.com.tr\">kongre@devent.com.tr<\/a><\/p>\n<p>[\/et_pb_text][\/et_pb_column][\/et_pb_row][\/et_pb_section]<\/p>\n","protected":false},"excerpt":{"rendered":"<p>ORGAN\u0130ZASYON SEKRETERYASIDevent Turizm Organizasyon Hizmetleri A.\u015e.\u0130\u00e7erenk\u00f6y Mah. \u00c7ay\u0131r Cad. No:5 Bay Plaza Kat:12 34746Ata\u015fehir-\u0130stanbul E-Mail: kongre@devent.com.tr<\/p>","protected":false},"author":1,"featured_media":0,"parent":0,"menu_order":0,"comment_status":"closed","ping_status":"closed","template":"","meta":{"_et_pb_use_builder":"on","_et_pb_old_content":"","_et_gb_content_width":"","footnotes":""},"class_list":["post-84","page","type-page","status-publish","hentry"],"_links":{"self":[{"href":"https:\/\/capagastro2026.org\/en\/wp-json\/wp\/v2\/pages\/84","targetHints":{"allow":["GET"]}}],"collection":[{"href":"https:\/\/capagastro2026.org\/en\/wp-json\/wp\/v2\/pages"}],"about":[{"href":"https:\/\/capagastro2026.org\/en\/wp-json\/wp\/v2\/types\/page"}],"author":[{"embeddable":true,"href":"https:\/\/capagastro2026.org\/en\/wp-json\/wp\/v2\/users\/1"}],"replies":[{"embeddable":true,"href":"https:\/\/capagastro2026.org\/en\/wp-json\/wp\/v2\/comments?post=84"}],"version-history":[{"count":4,"href":"https:\/\/capagastro2026.org\/en\/wp-json\/wp\/v2\/pages\/84\/revisions"}],"predecessor-version":[{"id":313,"href":"https:\/\/capagastro2026.org\/en\/wp-json\/wp\/v2\/pages\/84\/revisions\/313"}],"wp:attachment":[{"href":"https:\/\/capagastro2026.org\/en\/wp-json\/wp\/v2\/media?parent=84"}],"curies":[{"name":"wp","href":"https:\/\/api.w.org\/{rel}","templated":true}]}}