{"id":74,"date":"2024-09-04T10:18:23","date_gmt":"2024-09-04T10:18:23","guid":{"rendered":"http:\/\/capagastro2026.org\/?page_id=74"},"modified":"2025-10-24T12:30:36","modified_gmt":"2025-10-24T12:30:36","slug":"davet","status":"publish","type":"page","link":"https:\/\/capagastro2026.org\/en\/davet\/","title":{"rendered":"Invitation"},"content":{"rendered":"<p>[et_pb_section fb_built=&#8221;1&#8243; fullwidth=&#8221;on&#8221; _builder_version=&#8221;4.17.4&#8243; _module_preset=&#8221;default&#8221; global_colors_info=&#8221;{}&#8221;][et_pb_fullwidth_post_title meta=&#8221;off&#8221; featured_image=&#8221;off&#8221; _builder_version=&#8221;4.17.4&#8243; _module_preset=&#8221;default&#8221; title_font=&#8221;|700||on|||||&#8221; title_text_color=&#8221;#FFFFFF&#8221; background_color=&#8221;#014288&#8243; custom_padding=&#8221;150px||20px||false|false&#8221; hover_enabled=&#8221;0&#8243; global_colors_info=&#8221;{}&#8221; sticky_enabled=&#8221;0&#8243;][\/et_pb_fullwidth_post_title][\/et_pb_section][et_pb_section fb_built=&#8221;1&#8243; _builder_version=&#8221;4.17.4&#8243; _module_preset=&#8221;default&#8221; custom_padding=&#8221;||||false|false&#8221; global_colors_info=&#8221;{}&#8221;][et_pb_row _builder_version=&#8221;4.17.4&#8243; _module_preset=&#8221;default&#8221; global_colors_info=&#8221;{}&#8221;][et_pb_column type=&#8221;4_4&#8243; _builder_version=&#8221;4.17.4&#8243; _module_preset=&#8221;default&#8221; global_colors_info=&#8221;{}&#8221;][et_pb_text _builder_version=&#8221;4.17.4&#8243; _module_preset=&#8221;default&#8221; global_colors_info=&#8221;{}&#8221;]<\/p>\n<p><strong>Sevgili Dostlar, Sevgili Meslekta\u015flar<\/strong><\/p>\n<p>\u0130nternet, arama motorlar\u0131, Youtube, A.I, Chat GPT, \u2026<\/p>\n<p>Bilgiye eri\u015fimin her an yeni boyutlar edindi\u011fi &#8211; al\u0131\u015f\u0131\u011f\u0131n d\u0131\u015f\u0131nda bir zaman dilimi.<\/p>\n<p>B\u00f6ylesi bir d\u00f6nemde, bilginin birikim ile harmanland\u0131\u011f\u0131;<\/p>\n<p>Sizi t\u0131p fak\u00fcltesine ba\u015flad\u0131\u011f\u0131n\u0131z ilk g\u00fcnden, d\u00fcn yeni g\u00f6rm\u00fc\u015f oldu\u011funuz olguya ta\u015f\u0131yacak;<\/p>\n<p>Temel bilimler ve klinik derslerinin an\u0131lar\u0131n\u0131, klinik prati\u011finiz ile yo\u011furacak;<\/p>\n<p>Dolay\u0131s\u0131 ile bir yandan bilimsel bir Safari deneyiminin,<\/p>\n<p>Di\u011fer yandan haz verici bir birikimin payla\u015f\u0131laca\u011f\u0131,<\/p>\n<p><strong>Patofizyolojiden Klini\u011fe Gastroenteroloji <\/strong>\u2013 25. \u00c7apa Gastroenteroloji G\u00fcnleri\u2019nde<\/p>\n<p>Farkl\u0131 bir bak\u0131\u015f, ba\u015fka bir dokunu\u015f ile bir arada olma dile\u011fi ile.<\/p>\n<p>&nbsp;<\/p>\n<p>Prof. Dr. Fatih BE\u015eI\u015eIK<\/p>\n<p>&nbsp;<\/p>\n<p>[\/et_pb_text][\/et_pb_column][\/et_pb_row][\/et_pb_section]<\/p>\n","protected":false},"excerpt":{"rendered":"<p>Sevgili Dostlar, Sevgili Meslekta\u015flar \u0130nternet, arama motorlar\u0131, Youtube, A.I, Chat GPT, \u2026 Bilgiye eri\u015fimin her an yeni boyutlar edindi\u011fi &#8211; al\u0131\u015f\u0131\u011f\u0131n d\u0131\u015f\u0131nda bir zaman dilimi. B\u00f6ylesi bir d\u00f6nemde, bilginin birikim ile harmanland\u0131\u011f\u0131; Sizi t\u0131p fak\u00fcltesine ba\u015flad\u0131\u011f\u0131n\u0131z ilk g\u00fcnden, d\u00fcn yeni g\u00f6rm\u00fc\u015f oldu\u011funuz olguya ta\u015f\u0131yacak; Temel bilimler ve klinik derslerinin an\u0131lar\u0131n\u0131, klinik prati\u011finiz ile yo\u011furacak; Dolay\u0131s\u0131 [&hellip;]<\/p>\n","protected":false},"author":1,"featured_media":0,"parent":0,"menu_order":0,"comment_status":"closed","ping_status":"closed","template":"","meta":{"_et_pb_use_builder":"on","_et_pb_old_content":"","_et_gb_content_width":"","footnotes":""},"class_list":["post-74","page","type-page","status-publish","hentry"],"_links":{"self":[{"href":"https:\/\/capagastro2026.org\/en\/wp-json\/wp\/v2\/pages\/74","targetHints":{"allow":["GET"]}}],"collection":[{"href":"https:\/\/capagastro2026.org\/en\/wp-json\/wp\/v2\/pages"}],"about":[{"href":"https:\/\/capagastro2026.org\/en\/wp-json\/wp\/v2\/types\/page"}],"author":[{"embeddable":true,"href":"https:\/\/capagastro2026.org\/en\/wp-json\/wp\/v2\/users\/1"}],"replies":[{"embeddable":true,"href":"https:\/\/capagastro2026.org\/en\/wp-json\/wp\/v2\/comments?post=74"}],"version-history":[{"count":7,"href":"https:\/\/capagastro2026.org\/en\/wp-json\/wp\/v2\/pages\/74\/revisions"}],"predecessor-version":[{"id":301,"href":"https:\/\/capagastro2026.org\/en\/wp-json\/wp\/v2\/pages\/74\/revisions\/301"}],"wp:attachment":[{"href":"https:\/\/capagastro2026.org\/en\/wp-json\/wp\/v2\/media?parent=74"}],"curies":[{"name":"wp","href":"https:\/\/api.w.org\/{rel}","templated":true}]}}