{"id":361,"date":"2026-03-05T14:12:31","date_gmt":"2026-03-05T14:12:31","guid":{"rendered":"https:\/\/capagastro2026.org\/?page_id=361"},"modified":"2026-04-07T10:13:14","modified_gmt":"2026-04-07T10:13:14","slug":"bilimsel-program","status":"publish","type":"page","link":"https:\/\/capagastro2026.org\/en\/bilimsel-program\/","title":{"rendered":"Scientific Program"},"content":{"rendered":"<p>[et_pb_section fb_built=&#8221;1&#8243; fullwidth=&#8221;on&#8221; _builder_version=&#8221;4.17.4&#8243; _module_preset=&#8221;default&#8221; global_colors_info=&#8221;{}&#8221;][et_pb_fullwidth_post_title meta=&#8221;off&#8221; featured_image=&#8221;off&#8221; _builder_version=&#8221;4.17.4&#8243; _module_preset=&#8221;default&#8221; title_font=&#8221;|700||on|||||&#8221; title_text_color=&#8221;#FFFFFF&#8221; background_color=&#8221;#014288&#8243; custom_padding=&#8221;150px||20px||false|false&#8221; global_colors_info=&#8221;{}&#8221;][\/et_pb_fullwidth_post_title][\/et_pb_section][et_pb_section fb_built=&#8221;1&#8243; _builder_version=&#8221;4.17.4&#8243; _module_preset=&#8221;default&#8221; custom_padding=&#8221;||||false|false&#8221; global_colors_info=&#8221;{}&#8221;][et_pb_row disabled_on=&#8221;off|off|off&#8221; _builder_version=&#8221;4.17.4&#8243; _module_preset=&#8221;default&#8221; custom_padding=&#8221;27px|||||&#8221; global_colors_info=&#8221;{}&#8221;][et_pb_column type=&#8221;4_4&#8243; _builder_version=&#8221;4.17.4&#8243; _module_preset=&#8221;default&#8221; global_colors_info=&#8221;{}&#8221;][et_pb_tabs active_tab_text_color=&#8221;#E02B20&#8243; _builder_version=&#8221;4.17.4&#8243; _module_preset=&#8221;default&#8221; tab_text_color=&#8221;#000000&#8243; tab_font_size=&#8221;16px&#8221; hover_enabled=&#8221;0&#8243; global_colors_info=&#8221;{}&#8221; sticky_enabled=&#8221;0&#8243;][et_pb_tab title=&#8221;9 Nisan 2026, Per\u015fembe&#8221; _builder_version=&#8221;4.17.4&#8243; _module_preset=&#8221;default&#8221; global_colors_info=&#8221;{}&#8221;]<\/p>\n<table cellspacing=\"0\" cellpadding=\"0\" width=\"100%\" class=\"genel\">\n<tbody>\n<tr>\n<td colspan=\"3\" align=\"center\" bgcolor=\"#da0a17\"><span style=\"color: #ffffff;\"><strong>9 Nisan 2026, Per\u015fembe<\/strong><\/span><\/td>\n<\/tr>\n<tr>\n<td bgcolor=\"#dff5ee\" width=\"14%\"><strong>08:30 &#8211; 10:00<\/strong><\/td>\n<td colspan=\"2\" align=\"center\" bgcolor=\"#dff5ee\"><strong>ENDOSKOP\u0130 KURSU<\/strong><br \/>Oturum Ba\u015fkanlar\u0131: Sabahattin Kaymako\u011flu, Kadir Demir<\/td>\n<\/tr>\n<tr>\n<td width=\"14%\">08:30 &#8211; 08:45<\/td>\n<td>Yabanc\u0131 Cisim \u00c7\u0131kart\u0131lmas\u0131<\/td>\n<td width=\"30%\">Asl\u0131 \u00c7if\u00e7iba\u015f\u0131 \u00d6rmeci<\/td>\n<\/tr>\n<tr>\n<td>08:45 &#8211; 09:00<\/td>\n<td>Bujinaj ve Balon Dilatasyonu<\/td>\n<td>Raim \u0130liaz<\/td>\n<\/tr>\n<tr>\n<td>09:00 &#8211; 09:15<\/td>\n<td>\u00d6zofagus &#8211; Stentleme<\/td>\n<td>\u00d6zlem Mutluay Soyer<\/td>\n<\/tr>\n<tr>\n<td>09:15 &#8211; 09:30<\/td>\n<td>PEG, PEG-J<\/td>\n<td>Volkan \u015eenkal<\/td>\n<\/tr>\n<tr>\n<td>09:30 &#8211; 09:45<\/td>\n<td>Varis D\u0131\u015f\u0131 Kanamalar<\/td>\n<td>Sezen Gen\u00e7 Ulu\u00e7e\u00e7en<\/td>\n<\/tr>\n<tr>\n<td>09:45 &#8211; 10:00<\/td>\n<td>Varis Kanamalar\u0131<\/td>\n<td>Aynure R\u00fcstemzade<\/td>\n<\/tr>\n<tr>\n<td height=\"19\" bgcolor=\"#EFEFEF\"><strong>10:00 &#8211; 10:30<\/strong><\/td>\n<td colspan=\"2\" align=\"center\" bgcolor=\"#EFEFEF\"><strong>Kahve Aras\u0131\u00a0\u00a0<\/strong><\/td>\n<\/tr>\n<tr>\n<td bgcolor=\"#dff5ee\"><strong>10:30 &#8211; 11:45<br \/><\/strong><\/td>\n<td colspan=\"2\" align=\"center\" bgcolor=\"#dff5ee\"><strong>ENDOSKOP\u0130 KURSU<\/strong><br \/>Oturum Ba\u015fkanlar\u0131: Fatih Be\u015f\u0131\u015f\u0131k, Filiz Aky\u00fcz<\/td>\n<\/tr>\n<tr>\n<td width=\"122\">10:30 &#8211; 10:45<\/td>\n<td>Bilyer Stentleme ve Ta\u015f Ekstraksiyonu<\/td>\n<td>Sami Evirgen<\/td>\n<\/tr>\n<tr>\n<td>10:45 &#8211; 11:00<\/td>\n<td>Polipektomi<\/td>\n<td>Z\u00fclal \u0130stemihan<\/td>\n<\/tr>\n<tr>\n<td>11:00 &#8211; 11:15<\/td>\n<td>Erken Kanser Rezeksiyonu<\/td>\n<td>Bilger \u00c7avu\u015f<\/td>\n<\/tr>\n<tr>\n<td>11:15 &#8211; 11:30<\/td>\n<td>Diagnostik ve Terap\u00f6tik EUS<\/td>\n<td>Filiz Aky\u00fcz<\/td>\n<\/tr>\n<tr>\n<td>11:30 &#8211; 11:45<\/td>\n<td colspan=\"2\">Tart\u0131\u015fma<\/td>\n<\/tr>\n<tr>\n<td bgcolor=\"#EFEFEF\"><strong>11:45 &#8211; 12:45<\/strong><\/td>\n<td colspan=\"2\" align=\"center\" bgcolor=\"#EFEFEF\"><strong>\u00d6\u011fle Yeme\u011fi<\/strong><\/td>\n<\/tr>\n<tr>\n<td><strong>12:45 &#8211; 13:00<\/strong><\/td>\n<td colspan=\"2\"><strong>A\u00c7ILI\u015e<\/strong><\/td>\n<\/tr>\n<tr>\n<td rowspan=\"2\" bgcolor=\"#dff5ee\"><strong>13:00 &#8211; 14:30<\/strong><\/td>\n<td colspan=\"2\" align=\"center\" bgcolor=\"#dff5ee\"><strong>\u00a0I. OTURUM<\/strong><\/td>\n<\/tr>\n<tr>\n<td colspan=\"2\" align=\"center\" bgcolor=\"#dff5ee\">Oturum Ba\u015fkanlar\u0131: Zeynel Mungan, G\u00fcng\u00f6r Bozta\u015f, Sadakat \u00d6zdil<\/td>\n<\/tr>\n<tr>\n<td>13:00 &#8211; 13:20<\/td>\n<td>\u00d6zofagus Motilite Hastal\u0131klar\u0131<\/td>\n<td>Filiz Aky\u00fcz<\/td>\n<\/tr>\n<tr>\n<td>13:20 &#8211; 13:40<\/td>\n<td>Gastroparezi<\/td>\n<td>Bilger \u00c7avu\u015f<\/td>\n<\/tr>\n<tr>\n<td>13:40 &#8211; 14:00<\/td>\n<td>\u0130ntestinal ve Kolonik Ps\u00f6doobstruksiyon<\/td>\n<td>Binnur P\u0131narba\u015f\u0131<\/td>\n<\/tr>\n<tr>\n<td>14:00 &#8211; 14:20<\/td>\n<td>Fekal \u0130nkontinans<\/td>\n<td>Fatih Be\u015f\u0131\u015f\u0131k<\/td>\n<\/tr>\n<tr>\n<td>14:20 &#8211; 14:30<\/td>\n<td colspan=\"2\">Tart\u0131\u015fma<\/td>\n<\/tr>\n<tr>\n<td rowspan=\"2\" bgcolor=\"#dff5ee\"><strong>14:30 &#8211; 16:10<\/strong><\/td>\n<td colspan=\"2\" align=\"center\" bgcolor=\"#dff5ee\"><strong>II. OTURUM<\/strong><\/td>\n<\/tr>\n<tr>\n<td colspan=\"2\" align=\"center\" bgcolor=\"#dff5ee\">Oturum Ba\u015fkanlar\u0131: Atilla \u00d6kten, Nurdan T\u00f6z\u00fcn, Y\u0131lmaz \u00c7akalo\u011flu<\/td>\n<\/tr>\n<tr>\n<td>14:30 &#8211; 14:50<\/td>\n<td>Kronik Viral Hepatitler<\/td>\n<td>Sabahattin Kaymako\u011flu<\/td>\n<\/tr>\n<tr>\n<td>14:50 &#8211; 15:10<\/td>\n<td>Otoimm\u00fcn Hepatit<\/td>\n<td>Fatih Be\u015f\u0131\u015f\u0131k<\/td>\n<\/tr>\n<tr>\n<td>15:10 &#8211; 15:30<\/td>\n<td>Alkolle \u0130li\u015fkili Karaci\u011fer Hastal\u0131klar\u0131<\/td>\n<td>Din\u00e7 Din\u00e7er<\/td>\n<\/tr>\n<tr>\n<td>15:30 &#8211; 15:50<\/td>\n<td>MASLD<\/td>\n<td>Kadir Demir<\/td>\n<\/tr>\n<tr>\n<td>15:50 &#8211; 16:10<\/td>\n<td>KC Transplantasyonu \u2013 T\u00fcrkiye G\u00fcncelinde Durum Nedir? Ne Olmal\u0131?<\/td>\n<td>Feza Ekiz<\/td>\n<\/tr>\n<tr>\n<td bgcolor=\"#EFEFEF\"><strong>16:10 &#8211; 16:30<\/strong><\/td>\n<td colspan=\"2\" align=\"center\" bgcolor=\"#EFEFEF\"><strong>Kahve Aras\u0131\u00a0\u00a0<\/strong><\/td>\n<\/tr>\n<tr>\n<td bgcolor=\"#FFD67B\"><strong>16:30 &#8211; 17:15<\/strong><\/td>\n<td colspan=\"2\" bgcolor=\"#FFD67B\"><strong>Uydu Sempozyumu &#8211; 1<\/strong><br \/>\u0130nflamatuar Ba\u011f\u0131rsak Hastal\u0131klar\u0131 Tedavisinde RINVOQ<img loading=\"lazy\" decoding=\"async\" src=\"https:\/\/capagastro2026.org\/wp-content\/uploads\/2025\/03\/abbvie.png\" width=\"132\" height=\"23\" alt=\"\" class=\"wp-image-213 alignright size-full\" srcset=\"https:\/\/capagastro2026.org\/wp-content\/uploads\/2025\/03\/abbvie.png 172w, https:\/\/capagastro2026.org\/wp-content\/uploads\/2025\/03\/abbvie-18x3.png 18w\" sizes=\"auto, (max-width: 132px) 100vw, 132px\" \/><br \/>Konu\u015fmac\u0131lar: Sabahattin Kaymako\u011flu, Filiz Aky\u00fcz<\/td>\n<\/tr>\n<tr>\n<td rowspan=\"2\" bgcolor=\"#dff5ee\"><strong>17:15 &#8211; 18:30<\/strong><\/td>\n<td colspan=\"2\" align=\"center\" bgcolor=\"#dff5ee\"><strong>III. OTURUM<\/strong><\/td>\n<\/tr>\n<tr>\n<td colspan=\"2\" align=\"center\" bgcolor=\"#dff5ee\">Oturum Ba\u015fkanlar\u0131: Celal Ula\u015fo\u011flu, Duygu \u0130bri\u015fim, K\u00fcr\u015fat T\u00fcrkdo\u011fan<\/td>\n<\/tr>\n<tr>\n<td>17:15 &#8211; 17:35<\/td>\n<td>Malabsorpsiyon Sendromlar\u0131, Protein Kaybettiren Enteropati<\/td>\n<td>Kadir Demir<\/td>\n<\/tr>\n<tr>\n<td>17:35 &#8211; 17:55<\/td>\n<td>K\u0131sa Barsak Sendromu<\/td>\n<td>Filiz Aky\u00fcz<\/td>\n<\/tr>\n<tr>\n<td>17:55 &#8211; 18:15<\/td>\n<td>Bariyatrik Cerrahi Sonras\u0131 Problemlere Yakla\u015f\u0131m<\/td>\n<td>Asl\u0131 \u00c7if\u00e7iba\u015f\u0131 \u00d6rmeci<\/td>\n<\/tr>\n<tr>\n<td>18:15 &#8211; 18:30<\/td>\n<td colspan=\"2\">Tart\u0131\u015fma<\/td>\n<\/tr>\n<\/tbody>\n<\/table>\n<p>[\/et_pb_tab][et_pb_tab title=&#8221;10 Nisan 2026, Cuma&#8221; _builder_version=&#8221;4.17.4&#8243; _module_preset=&#8221;default&#8221; hover_enabled=&#8221;0&#8243; global_colors_info=&#8221;{}&#8221; sticky_enabled=&#8221;0&#8243;]<\/p>\n<table cellspacing=\"0\" cellpadding=\"0\" width=\"100%\" class=\"genel\">\n<tbody>\n<tr>\n<td colspan=\"3\" align=\"center\" bgcolor=\"#da0a17\"><span style=\"color: #ffffff;\"><strong>10 Nisan 2026, Cuma<\/strong><\/span><\/td>\n<\/tr>\n<tr>\n<td rowspan=\"2\" bgcolor=\"#dff5ee\" width=\"14%\"><strong>08:30 &#8211; 09:50<\/strong><\/td>\n<td colspan=\"2\" align=\"center\" bgcolor=\"#dff5ee\"><strong>IV. OTURUM<\/strong><\/td>\n<\/tr>\n<tr>\n<td colspan=\"2\" align=\"center\" bgcolor=\"#dff5ee\">Oturum Ba\u015fkanlar\u0131: Sabahattin Kaymako\u011flu, Ahmet Faruk A\u011fan, Nevzat Aksoy<\/td>\n<\/tr>\n<tr>\n<td>08:30 &#8211; 08:50<\/td>\n<td>G\u0130 Traktusun Fonksiyonel Hastal\u0131klar\u0131nda Tedavi<\/td>\n<td width=\"30%\">Z\u00fclal \u0130stemihan<\/td>\n<\/tr>\n<tr>\n<td>08:50 &#8211; 09:10<\/td>\n<td>Asid Supresif Tedavi<\/td>\n<td>Ahmet Uyan\u0131ko\u011flu<\/td>\n<\/tr>\n<tr>\n<td>09:10 &#8211; 09:30<\/td>\n<td>G\u0130 \u0130nfeksiyonlarda Antibiyotik Tedavisi<\/td>\n<td>Atahan \u00c7a\u011fatay<\/td>\n<\/tr>\n<tr>\n<td>09:30 &#8211; 09:50<\/td>\n<td>DILI<\/td>\n<td>Alp Atasoy<\/td>\n<\/tr>\n<tr>\n<td bgcolor=\"#EFEFEF\"><strong>09:50 &#8211; 10:10<\/strong><\/td>\n<td colspan=\"2\" align=\"center\" bgcolor=\"#EFEFEF\"><strong>Kahve Aras\u0131<\/strong><\/td>\n<\/tr>\n<tr>\n<td rowspan=\"2\" bgcolor=\"#dff5ee\"><strong>10:10 &#8211; 11:00<\/strong><\/td>\n<td colspan=\"2\" align=\"center\" bgcolor=\"#dff5ee\"><strong>V. OTURUM<\/strong><\/td>\n<\/tr>\n<tr>\n<td colspan=\"2\" align=\"center\" bgcolor=\"#dff5ee\">Oturum Ba\u015fkanlar\u0131: \u0130lyas Tuncer, Filiz Aky\u00fcz<\/td>\n<\/tr>\n<tr>\n<td>10:10 &#8211; 10:30<\/td>\n<td>G\u0130 Traktusun Subepitelyal T\u00fcm\u00f6rlerine Yakla\u015f\u0131m<\/td>\n<td>Asl\u0131 \u00c7ifciba\u015f\u0131 \u00d6rmeci<\/td>\n<\/tr>\n<tr>\n<td>10:30 &#8211; 10:50<\/td>\n<td>GEP-NEN<\/td>\n<td>Fatih Be\u015f\u0131\u015f\u0131k<\/td>\n<\/tr>\n<tr>\n<td>10:50 &#8211; 11:00<\/td>\n<td colspan=\"2\">Tart\u0131\u015fma<\/td>\n<\/tr>\n<tr>\n<td bgcolor=\"#D1EAF0\"><strong>11:00 &#8211; 12:00<\/strong><\/td>\n<td colspan=\"2\" align=\"center\" bgcolor=\"#D1EAF0\"><strong>S\u00d6ZEL B\u0130LD\u0130R\u0130 OTURUMU<\/strong><br \/>Oturum Ba\u015fkan\u0131: Bilger \u00c7avu\u015f<\/td>\n<\/tr>\n<tr>\n<td>\u00a0<\/td>\n<td>\u00c7ocuklarda Helicobacter pylori gastriti ve\u00a0 tan\u0131 koymada histopatolojide optimal gastrik mukozal biyopsi b\u00f6lgesinin belirlenmesi: Rehberlerden farkl\u0131 m\u0131 d\u00fc\u015f\u00fcn\u00fcyoruz?<\/td>\n<td>G\u00fcnsel Kutluk<\/td>\n<\/tr>\n<tr>\n<td>\u00a0<\/td>\n<td>Sodyum pentoborat\u2019\u0131n siklosporin\u2019e ba\u011fl\u0131 hepatotoksisiteyi \u00f6nlemedeki etkinli\u011finin de\u011ferlendirilmesi<\/td>\n<td>Sonat P\u0131nar Kara<\/td>\n<\/tr>\n<tr>\n<td bgcolor=\"#EFEFEF\"><strong>12:00 &#8211; 13:00<\/strong><\/td>\n<td colspan=\"2\" align=\"center\" bgcolor=\"#EFEFEF\"><strong>\u00d6\u011fle Yeme\u011fi<\/strong><\/td>\n<\/tr>\n<tr>\n<td rowspan=\"2\" bgcolor=\"#dff5ee\"><strong>13:00 &#8211; 14:10<\/strong><\/td>\n<td colspan=\"2\" align=\"center\" bgcolor=\"#dff5ee\"><strong>VI. OTURUM\u00a0<\/strong><\/td>\n<\/tr>\n<tr>\n<td colspan=\"2\" align=\"center\" bgcolor=\"#dff5ee\">Oturum Ba\u015fkanlar\u0131: Asl\u0131 \u00c7ifciba\u015f\u0131 \u00d6rmeci, Bilger \u00c7avu\u015f<\/td>\n<\/tr>\n<tr>\n<td>13:00 &#8211; 13:20<\/td>\n<td>Safra Yollar\u0131n\u0131n \u0130mm\u00fcn Arac\u0131l\u0131 Hastal\u0131klar\u0131<\/td>\n<td>Sabahattin Kaymako\u011flu<\/td>\n<\/tr>\n<tr>\n<td>13:20 &#8211; 13:40<\/td>\n<td>Wilson Hastal\u0131\u011f\u0131<\/td>\n<td>Kadir Demir<\/td>\n<\/tr>\n<tr>\n<td>13:40 &#8211; 14:10<\/td>\n<td>Kronik Zeminde Akut Karaci\u011fer Yetersizli\u011fi<\/td>\n<td>Sabahattin Kaymako\u011flu<\/td>\n<\/tr>\n<tr>\n<td bgcolor=\"#FFD67B\"><strong>14:10 &#8211; 14:55<\/strong><\/td>\n<td colspan=\"2\" bgcolor=\"#FFD67B\"><strong>Uydu Sempozyumu &#8211; 2 <img loading=\"lazy\" decoding=\"async\" src=\"https:\/\/capagastro2026.org\/wp-content\/uploads\/2025\/03\/celtrion.png\" width=\"144\" height=\"37\" alt=\"\" class=\"wp-image-208 alignright size-full\" \/><\/strong><br \/>Kritik Karar Anlar\u0131nda Remsima: Do\u011fru Hamle, Do\u011fru Zaman<\/td>\n<\/tr>\n<tr>\n<td bgcolor=\"#FFD67B\">14:10 &#8211; 14:30<\/td>\n<td bgcolor=\"#FFD67B\">H\u0131zl\u0131 Kontrol Gerektiren Hasta Profilleri: Y\u00fcksek \u0130nflamasyon Y\u00fck\u00fcnde Strateji Se\u00e7imi<\/td>\n<td bgcolor=\"#FFD67B\">Sabahattin Kaymako\u011flu<\/td>\n<\/tr>\n<tr>\n<td bgcolor=\"#FFD67B\">14:30 &#8211; 14:50<\/td>\n<td bgcolor=\"#FFD67B\">Yan\u0131t Kontrol\u00fc \u0130\u00e7in Etkin Strateji: TDM Optimizasyonu ve Tedavide Remsima ile Ki\u015fiselle\u015ftirme<\/td>\n<td bgcolor=\"#FFD67B\">Asl\u0131 \u00c7ifciba\u015f\u0131 \u00d6rmeci<\/td>\n<\/tr>\n<tr>\n<td bgcolor=\"#FFD67B\">14:50 &#8211; 14:55<\/td>\n<td colspan=\"2\" bgcolor=\"#FFD67B\">Soru Cevap<\/td>\n<\/tr>\n<tr>\n<td bgcolor=\"#EFEFEF\"><strong>14:55 &#8211; 15:10<\/strong><\/td>\n<td colspan=\"2\" align=\"center\" bgcolor=\"#EFEFEF\"><strong>Kahve Aras\u0131<\/strong><\/td>\n<\/tr>\n<tr>\n<td rowspan=\"2\" bgcolor=\"#dff5ee\"><strong>15:10 &#8211; 16:15<\/strong><\/td>\n<td colspan=\"2\" align=\"center\" bgcolor=\"#dff5ee\"><strong>VII. OTURUM\u00a0<\/strong><\/td>\n<\/tr>\n<tr>\n<td colspan=\"2\" align=\"center\" bgcolor=\"#dff5ee\">Oturum Ba\u015fkanlar\u0131: Din\u00e7 Din\u00e7er, Arif Acar, Aysun Yakut<\/td>\n<\/tr>\n<tr>\n<td>15:10 &#8211; 15:30<\/td>\n<td>\u00d6zofagusun Preneoplastik ve Neoplastik Epitelyal T\u00fcm\u00f6rlerine Yakla\u015f\u0131m<\/td>\n<td>Bilger \u00c7avu\u015f<\/td>\n<\/tr>\n<tr>\n<td>15:30 &#8211; 16:10<\/td>\n<td>Mini Konferans: Mide Kanseri \u2013 Gastroenterolog Neleri Bilmeli?<\/td>\n<td>Fatih Be\u015f\u0131\u015f\u0131k<\/td>\n<\/tr>\n<tr>\n<td>16:10 &#8211; 16:30<\/td>\n<td>Kolorektal Polipler<\/td>\n<td>Levent Erdem<\/td>\n<\/tr>\n<tr>\n<td rowspan=\"2\" bgcolor=\"#dff5ee\"><strong>16:30 &#8211; 17:30<\/strong><\/td>\n<td colspan=\"2\" align=\"center\" bgcolor=\"#dff5ee\"><strong>VIII. OTURUM<\/strong><\/td>\n<\/tr>\n<tr>\n<td colspan=\"2\" align=\"center\" bgcolor=\"#dff5ee\">Oturum Ba\u015fkanlar\u0131: Fatih Be\u015f\u0131\u015f\u0131k, Filiz Aky\u00fcz<\/td>\n<\/tr>\n<tr>\n<td>16.30 &#8211; 16:50<\/td>\n<td>\u0130nteahepatik Kolanjiokarsinom Y\u00f6netimi<\/td>\n<td>K\u00fcr\u015fat Serin<\/td>\n<\/tr>\n<tr>\n<td>16.50 &#8211; 17:10<\/td>\n<td>HCC Y\u00f6netimi<\/td>\n<td>Bilger \u00c7avu\u015f<\/td>\n<\/tr>\n<tr>\n<td>17:10 &#8211; 17:30<\/td>\n<td>Lokal Ablatif Giri\u015fimler, TAKE, TARE<\/td>\n<td>Arzu Poyanl\u0131<\/td>\n<\/tr>\n<\/tbody>\n<\/table>\n<p>[\/et_pb_tab][et_pb_tab title=&#8221;11 Nisan 2026, Cumartesi&#8221; _builder_version=&#8221;4.17.4&#8243; _module_preset=&#8221;default&#8221; global_colors_info=&#8221;{}&#8221;]<\/p>\n<table cellspacing=\"0\" cellpadding=\"0\" width=\"100%\" class=\"genel\">\n<tbody>\n<tr>\n<td colspan=\"3\" align=\"center\" bgcolor=\"#da0a17\"><span style=\"color: #ffffff;\"><strong>11 Nisan 2026, Cumartesi<\/strong><\/span><\/td>\n<\/tr>\n<tr>\n<td rowspan=\"2\" bgcolor=\"#dff5ee\" width=\"14%\"><strong>08:30 &#8211; 10:00<\/strong><\/td>\n<td colspan=\"2\" align=\"center\" bgcolor=\"#dff5ee\"><strong>IX. OTURUM<\/strong><\/td>\n<\/tr>\n<tr>\n<td colspan=\"2\" align=\"center\" bgcolor=\"#dff5ee\">Oturum Ba\u015fkanlar\u0131: Kadir Demir, Ziya \u0130manov<\/td>\n<\/tr>\n<tr>\n<td width=\"14%\">08:30 &#8211; 08:50<\/td>\n<td>Otoimm\u00fcn Pankreatit<\/td>\n<td width=\"30%\">Raim \u0130liaz<\/td>\n<\/tr>\n<tr>\n<td>08:50 &#8211; 09:10<\/td>\n<td>Pankreas\u0131n Kistik ve Solid Kitleleri \u2013 Ay\u0131r\u0131c\u0131 Tan\u0131 Nas\u0131l Yap\u0131lmal\u0131?<\/td>\n<td>Filiz Aky\u00fcz<\/td>\n<\/tr>\n<tr>\n<td>09:10 &#8211; 09:30<\/td>\n<td>Pankreas Kanseri \u2013 Gastroenterolog Neleri Bilmeli?<\/td>\n<td>\u00d6zlem Mutluay Soyer<\/td>\n<\/tr>\n<tr>\n<td>09:30 &#8211; 09:40<\/td>\n<td colspan=\"2\">Tart\u0131\u015fma<\/td>\n<\/tr>\n<tr>\n<td bgcolor=\"#EFEFEF\"><strong>09:40 &#8211; 10:00<\/strong><\/td>\n<td colspan=\"2\" align=\"center\" bgcolor=\"#EFEFEF\"><strong>Kahve Aras\u0131<\/strong><\/td>\n<\/tr>\n<tr>\n<td rowspan=\"2\" bgcolor=\"#dff5ee\"><strong>10:00 &#8211; 11:00<\/strong><\/td>\n<td colspan=\"2\" align=\"center\" bgcolor=\"#dff5ee\"><strong>X. OTURUM<\/strong><\/td>\n<\/tr>\n<tr>\n<td colspan=\"2\" align=\"center\" bgcolor=\"#dff5ee\">Oturum Ba\u015fkanlar\u0131: Fatih Be\u015f\u0131\u015f\u0131k, Filiz Aky\u00fcz<\/td>\n<\/tr>\n<tr>\n<td width=\"14%\">10:00 &#8211; 10:20<\/td>\n<td width=\"494\">Vask\u00fcler Karaci\u011fer Hastal\u0131klar\u0131<\/td>\n<td width=\"30%\">Binnur P\u0131narba\u015f\u0131<\/td>\n<\/tr>\n<tr>\n<td>10:20 &#8211; 10:40<\/td>\n<td>Portal Ven Trombozu<\/td>\n<td>\u015eule Poturo\u011flu<\/td>\n<\/tr>\n<tr>\n<td>10:40 &#8211; 11:00<\/td>\n<td>PHT Olgular\u0131nda \u0130nvazif Radyoloji<\/td>\n<td>Arzu Poyanl\u0131<\/td>\n<\/tr>\n<tr>\n<td rowspan=\"2\" bgcolor=\"#dff5ee\"><strong>11:00 &#8211; 12:00<\/strong><\/td>\n<td colspan=\"2\" align=\"center\" bgcolor=\"#dff5ee\"><strong>XI. OTURUM<\/strong><br \/>Olgularla \u0130nflamatuar Ba\u011f\u0131rsak Hastal\u0131klar\u0131 Y\u00f6netimi<\/td>\n<\/tr>\n<tr>\n<td colspan=\"2\" align=\"center\" bgcolor=\"#dff5ee\">Oturum Ba\u015fkanlar\u0131: Asl\u0131 \u00c7ifciba\u015f\u0131 \u00d6rmeci, Bilger \u00c7avu\u015f<\/td>\n<\/tr>\n<tr>\n<td>11:00 &#8211; 11:20<\/td>\n<td>\u0130nflamatuar Ba\u011f\u0131rsak Hastal\u0131\u011f\u0131nda \u0130leri Tedavi Ajanlar\u0131<\/td>\n<td>Filiz Aky\u00fcz<\/td>\n<\/tr>\n<tr>\n<td>11:20 &#8211; 11:30<\/td>\n<td>Vaka 1<\/td>\n<td>Mehmet Akif Ya\u011fl\u0131<\/td>\n<\/tr>\n<tr>\n<td>11:30 &#8211; 11:40<\/td>\n<td>Vaka 2<\/td>\n<td>Gizem Da\u011fc\u0131<\/td>\n<\/tr>\n<tr>\n<td>11:40 &#8211; 11:50<\/td>\n<td>Vaka 3<\/td>\n<td>Pelin Telli<\/td>\n<\/tr>\n<tr>\n<td>11:50 &#8211; 12:00<\/td>\n<td>Vaka 4<\/td>\n<td>As\u0131m Gurbanov<\/td>\n<\/tr>\n<tr>\n<td bgcolor=\"#dff5ee\">12:00 &#8211; 12:15<\/td>\n<td colspan=\"2\" align=\"center\" bgcolor=\"#dff5ee\"><strong>XII. OTURUM &#8211; AKILCI \u0130LA\u00c7 KULLANIMI<\/strong><\/td>\n<\/tr>\n<tr>\n<td>12:00 &#8211; 12:15<\/td>\n<td>Patofizyolojiyi Anlamak Klinik Karar\u0131 De\u011fi\u015ftirir<\/td>\n<td>Besim Faz\u0131l A\u011farg\u00fcn<\/td>\n<\/tr>\n<tr>\n<td><strong>12:15 &#8211; 12:30<\/strong><\/td>\n<td colspan=\"2\" align=\"center\"><strong>25. YIL KAPANI\u015e T\u00d6REN\u0130<\/strong><\/td>\n<\/tr>\n<\/tbody>\n<\/table>\n<p>[\/et_pb_tab][\/et_pb_tabs][et_pb_text _builder_version=&#8221;4.17.4&#8243; _module_preset=&#8221;default&#8221; global_colors_info=&#8221;{}&#8221;]<\/p>\n<div class=\"pdfprnt-buttons\"><a href=\"https:\/\/capagastro2026.org\/en\/wp-json\/wp\/v2\/pages\/361?print=pdf\" class=\"pdfprnt-button pdfprnt-button-pdf\" target=\"_blank\" ><img decoding=\"async\" src=\"http:\/\/capagastro2026.org\/wp-content\/plugins\/pdf-print\/images\/pdf.png\" alt=\"image_pdf\" title=\"View PDF\" \/><span class=\"pdfprnt-button-title pdfprnt-button-pdf-title\">PDF \u0130ND\u0130R<\/span><\/a><\/div>\n<p>[\/et_pb_text][\/et_pb_column][\/et_pb_row][\/et_pb_section]<\/p>\n","protected":false},"excerpt":{"rendered":"<p>9 Nisan 2026, Per\u015fembe 08:30 &#8211; 10:00 ENDOSKOP\u0130 KURSUOturum Ba\u015fkanlar\u0131: Sabahattin Kaymako\u011flu, Kadir Demir 08:30 &#8211; 08:45 Yabanc\u0131 Cisim \u00c7\u0131kart\u0131lmas\u0131 Asl\u0131 \u00c7if\u00e7iba\u015f\u0131 \u00d6rmeci 08:45 &#8211; 09:00 Bujinaj ve Balon Dilatasyonu Raim \u0130liaz 09:00 &#8211; 09:15 \u00d6zofagus &#8211; Stentleme \u00d6zlem Mutluay Soyer 09:15 &#8211; 09:30 PEG, PEG-J Volkan \u015eenkal 09:30 &#8211; 09:45 Varis D\u0131\u015f\u0131 Kanamalar Sezen [&hellip;]<\/p>\n","protected":false},"author":1,"featured_media":0,"parent":0,"menu_order":0,"comment_status":"closed","ping_status":"closed","template":"","meta":{"_et_pb_use_builder":"on","_et_pb_old_content":"","_et_gb_content_width":"","footnotes":""},"class_list":["post-361","page","type-page","status-publish","hentry"],"_links":{"self":[{"href":"https:\/\/capagastro2026.org\/en\/wp-json\/wp\/v2\/pages\/361","targetHints":{"allow":["GET"]}}],"collection":[{"href":"https:\/\/capagastro2026.org\/en\/wp-json\/wp\/v2\/pages"}],"about":[{"href":"https:\/\/capagastro2026.org\/en\/wp-json\/wp\/v2\/types\/page"}],"author":[{"embeddable":true,"href":"https:\/\/capagastro2026.org\/en\/wp-json\/wp\/v2\/users\/1"}],"replies":[{"embeddable":true,"href":"https:\/\/capagastro2026.org\/en\/wp-json\/wp\/v2\/comments?post=361"}],"version-history":[{"count":22,"href":"https:\/\/capagastro2026.org\/en\/wp-json\/wp\/v2\/pages\/361\/revisions"}],"predecessor-version":[{"id":410,"href":"https:\/\/capagastro2026.org\/en\/wp-json\/wp\/v2\/pages\/361\/revisions\/410"}],"wp:attachment":[{"href":"https:\/\/capagastro2026.org\/en\/wp-json\/wp\/v2\/media?parent=361"}],"curies":[{"name":"wp","href":"https:\/\/api.w.org\/{rel}","templated":true}]}}