{"id":14,"date":"2024-09-03T09:24:58","date_gmt":"2024-09-03T09:24:58","guid":{"rendered":"http:\/\/capagastro2026.org\/?page_id=14"},"modified":"2026-03-09T14:46:57","modified_gmt":"2026-03-09T14:46:57","slug":"ana-sayfa","status":"publish","type":"page","link":"https:\/\/capagastro2026.org\/en\/","title":{"rendered":"Home"},"content":{"rendered":"<p>[et_pb_section fb_built=&#8221;1&#8243; fullwidth=&#8221;on&#8221; _builder_version=&#8221;4.17.4&#8243; _module_preset=&#8221;default&#8221; global_colors_info=&#8221;{}&#8221;][et_pb_fullwidth_image src=&#8221;https:\/\/capagastro2026.org\/wp-content\/uploads\/2026\/02\/banner_capa2.png&#8221; title_text=&#8221;banner_capa2&#8243; _builder_version=&#8221;4.17.4&#8243; _module_preset=&#8221;default&#8221; global_colors_info=&#8221;{}&#8221;][\/et_pb_fullwidth_image][\/et_pb_section][et_pb_section fb_built=&#8221;1&#8243; _builder_version=&#8221;4.17.4&#8243; _module_preset=&#8221;default&#8221; background_color=&#8221;#4e8371&#8243; module_alignment=&#8221;left&#8221; custom_margin=&#8221;-30px||||false|false&#8221; custom_margin_tablet=&#8221;-70px||||false|false&#8221; custom_margin_phone=&#8221;0px||||false|false&#8221; custom_margin_last_edited=&#8221;on|phone&#8221; custom_padding=&#8221;0px||0px|10px|false|false&#8221; border_color_top=&#8221;#EDF000&#8243; global_colors_info=&#8221;{}&#8221;][et_pb_row column_structure=&#8221;3_5,2_5&#8243; _builder_version=&#8221;4.17.4&#8243; _module_preset=&#8221;default&#8221; module_alignment=&#8221;left&#8221; custom_margin=&#8221;||||false|false&#8221; custom_padding=&#8221;0px|||20px|false|false&#8221; global_colors_info=&#8221;{}&#8221;][et_pb_column type=&#8221;3_5&#8243; _builder_version=&#8221;4.17.4&#8243; _module_preset=&#8221;default&#8221; global_colors_info=&#8221;{}&#8221;][et_pb_text _builder_version=&#8221;4.17.4&#8243; _module_preset=&#8221;default&#8221; text_text_color=&#8221;#000000&#8243; module_alignment=&#8221;left&#8221; custom_padding=&#8221;|||10px|false|false&#8221; global_colors_info=&#8221;{}&#8221;]<\/p>\n\n<p>[\/et_pb_text][\/et_pb_column][et_pb_column type=&#8221;2_5&#8243; _builder_version=&#8221;4.17.4&#8243; _module_preset=&#8221;default&#8221; global_colors_info=&#8221;{}&#8221;][\/et_pb_column][\/et_pb_row][\/et_pb_section][et_pb_section fb_built=&#8221;1&#8243; _builder_version=&#8221;4.17.4&#8243; _module_preset=&#8221;default&#8221; background_enable_color=&#8221;off&#8221; custom_padding=&#8221;13px||23px|||&#8221; global_colors_info=&#8221;{}&#8221;][et_pb_row _builder_version=&#8221;4.17.4&#8243; _module_preset=&#8221;default&#8221; custom_padding=&#8221;49px|||||&#8221; global_colors_info=&#8221;{}&#8221;][et_pb_column type=&#8221;4_4&#8243; _builder_version=&#8221;4.17.4&#8243; _module_preset=&#8221;default&#8221; global_colors_info=&#8221;{}&#8221;][et_pb_text _builder_version=&#8221;4.17.4&#8243; _module_preset=&#8221;default&#8221; text_font=&#8221;Noto Sans||||||||&#8221; text_text_color=&#8221;#000000&#8243; text_font_size=&#8221;16px&#8221; text_line_height=&#8221;2em&#8221; custom_margin=&#8221;||18px|||&#8221; custom_padding=&#8221;||||false|false&#8221; global_colors_info=&#8221;{}&#8221;]<\/p>\n<h3 style=\"text-align: center;\"><strong><span style=\"color: #000080;\">DAVET<\/span><\/strong><\/h3>\n<p style=\"text-align: center;\">Sevgili Dostlar, Sevgili Meslekta\u015flar<br \/>\u0130nternet, arama motorlar\u0131, Youtube, A.I, Chat GPT, \u2026<br \/>Bilgiye eri\u015fimin her an yeni boyutlar edindi\u011fi &#8211; al\u0131\u015f\u0131\u011f\u0131n d\u0131\u015f\u0131nda bir zaman dilimi.<br \/>B\u00f6ylesi bir d\u00f6nemde, bilginin birikim ile harmanland\u0131\u011f\u0131;<br \/>Sizi t\u0131p fak\u00fcltesine ba\u015flad\u0131\u011f\u0131n\u0131z ilk g\u00fcnden, d\u00fcn yeni g\u00f6rm\u00fc\u015f oldu\u011funuz olguya ta\u015f\u0131yacak;<br \/>Temel bilimler ve klinik derslerinin an\u0131lar\u0131n\u0131, klinik prati\u011finiz ile yo\u011furacak;<br \/>Dolay\u0131s\u0131 ile bir yandan bilimsel bir Safari deneyiminin,<br \/>Di\u011fer yandan haz verici bir birikimin payla\u015f\u0131laca\u011f\u0131,<br \/>Patofizyolojiden Klini\u011fe Gastroenteroloji \u2013 25. \u00c7apa Gastroenteroloji G\u00fcnleri\u2019nde<br \/>Farkl\u0131 bir bak\u0131\u015f, ba\u015fka bir dokunu\u015f ile bir arada olma dile\u011fi ile.<\/p>\n<p style=\"text-align: center;\">Prof. Dr. Fatih BE\u015eI\u015eIK<\/p>\n<p>[\/et_pb_text][et_pb_button button_url=&#8221;\/davet&#8221; button_text=&#8221;Devam\u0131&#8230;&#8221; button_alignment=&#8221;center&#8221; _builder_version=&#8221;4.17.4&#8243; _module_preset=&#8221;default&#8221; custom_button=&#8221;on&#8221; button_text_size=&#8221;14px&#8221; button_text_color=&#8221;#6B6B6B&#8221; button_bg_color=&#8221;#D6D6D6&#8243; button_border_width=&#8221;0px&#8221; button_border_radius=&#8221;30px&#8221; global_colors_info=&#8221;{}&#8221;][\/et_pb_button][\/et_pb_column][\/et_pb_row][\/et_pb_section][et_pb_section fb_built=&#8221;1&#8243; _builder_version=&#8221;4.17.4&#8243; _module_preset=&#8221;default&#8221; background_color=&#8221;#dff5ee&#8221; custom_padding=&#8221;34px|||||&#8221; global_colors_info=&#8221;{}&#8221;][et_pb_row column_structure=&#8221;1_3,1_3,1_3&#8243; _builder_version=&#8221;4.17.4&#8243; _module_preset=&#8221;default&#8221; custom_padding=&#8221;22px|||||&#8221; global_colors_info=&#8221;{}&#8221;][et_pb_column type=&#8221;1_3&#8243; _builder_version=&#8221;4.17.4&#8243; _module_preset=&#8221;default&#8221; link_option_url=&#8221;https:\/\/capagastro2026.org\/bilimsel-program\/&#8221; global_colors_info=&#8221;{}&#8221;][et_pb_text _builder_version=&#8221;4.17.4&#8243; _module_preset=&#8221;default&#8221; text_font=&#8221;||||||||&#8221; text_text_color=&#8221;#0C71C3&#8243; text_font_size=&#8221;17px&#8221; link_option_url=&#8221;https:\/\/capagastro2026.org\/bilimsel-program\/&#8221; link_option_url_new_window=&#8221;on&#8221; hover_enabled=&#8221;0&#8243; global_colors_info=&#8221;{}&#8221; sticky_enabled=&#8221;0&#8243;]<\/p>\n<p style=\"text-align: center;\"><img loading=\"lazy\" decoding=\"async\" src=\"https:\/\/capagastro2026.org\/wp-content\/uploads\/2025\/10\/bilimsel-ikon-300x300.png\" width=\"275\" height=\"275\" alt=\"\" class=\"wp-image-291 alignnone size-full\" \/><br \/><strong>B\u0130L\u0130MSEL PROGRAM<\/strong><\/p>\n<p>[\/et_pb_text][\/et_pb_column][et_pb_column type=&#8221;1_3&#8243; _builder_version=&#8221;4.17.4&#8243; _module_preset=&#8221;default&#8221; global_colors_info=&#8221;{}&#8221;][et_pb_text _builder_version=&#8221;4.17.4&#8243; _module_preset=&#8221;default&#8221; text_text_color=&#8221;#0C71C3&#8243; text_font_size=&#8221;16px&#8221; link_option_url=&#8221;https:\/\/capagastro2026.org\/kayit-konaklama\/&#8221; global_colors_info=&#8221;{}&#8221;]<\/p>\n<p style=\"text-align: center;\"><img loading=\"lazy\" decoding=\"async\" src=\"https:\/\/capagastro2026.org\/wp-content\/uploads\/2025\/10\/kayit-ikon-300x300.png\" width=\"275\" height=\"275\" alt=\"\" class=\"wp-image-292 alignnone size-full\" \/><br \/><strong>KAYIT &amp; KONAKLAMA<\/strong><\/p>\n<p>&nbsp;<\/p>\n<p>[\/et_pb_text][\/et_pb_column][et_pb_column type=&#8221;1_3&#8243; _builder_version=&#8221;4.17.4&#8243; _module_preset=&#8221;default&#8221; global_colors_info=&#8221;{}&#8221;][et_pb_text _builder_version=&#8221;4.17.4&#8243; _module_preset=&#8221;default&#8221; text_text_color=&#8221;#0C71C3&#8243; text_font_size=&#8221;17px&#8221; link_option_url=&#8221;https:\/\/capagastro2026.org\/bildiri-gonderimi\/&#8221; global_colors_info=&#8221;{}&#8221;]<\/p>\n<p style=\"text-align: center;\"><img loading=\"lazy\" decoding=\"async\" src=\"https:\/\/capagastro2026.org\/wp-content\/uploads\/2025\/10\/bildiri-ikon-300x300.png\" width=\"275\" height=\"275\" alt=\"\" class=\"wp-image-290 alignnone size-full\" \/><br \/><strong>B\u0130LD\u0130R\u0130 G\u00d6NDER\u0130M\u0130<\/strong><\/p>\n<p>[\/et_pb_text][\/et_pb_column][\/et_pb_row][\/et_pb_section]<\/p>\n","protected":false},"excerpt":{"rendered":"<p>DAVET Sevgili Dostlar, Sevgili Meslekta\u015flar\u0130nternet, arama motorlar\u0131, Youtube, A.I, Chat GPT, \u2026Bilgiye eri\u015fimin her an yeni boyutlar edindi\u011fi &#8211; al\u0131\u015f\u0131\u011f\u0131n d\u0131\u015f\u0131nda bir zaman dilimi.B\u00f6ylesi bir d\u00f6nemde, bilginin birikim ile harmanland\u0131\u011f\u0131;Sizi t\u0131p fak\u00fcltesine ba\u015flad\u0131\u011f\u0131n\u0131z ilk g\u00fcnden, d\u00fcn yeni g\u00f6rm\u00fc\u015f oldu\u011funuz olguya ta\u015f\u0131yacak;Temel bilimler ve klinik derslerinin an\u0131lar\u0131n\u0131, klinik prati\u011finiz ile yo\u011furacak;Dolay\u0131s\u0131 ile bir yandan bilimsel [&hellip;]<\/p>\n","protected":false},"author":1,"featured_media":0,"parent":0,"menu_order":0,"comment_status":"closed","ping_status":"closed","template":"","meta":{"_et_pb_use_builder":"on","_et_pb_old_content":"","_et_gb_content_width":"","footnotes":""},"class_list":["post-14","page","type-page","status-publish","hentry"],"_links":{"self":[{"href":"https:\/\/capagastro2026.org\/en\/wp-json\/wp\/v2\/pages\/14","targetHints":{"allow":["GET"]}}],"collection":[{"href":"https:\/\/capagastro2026.org\/en\/wp-json\/wp\/v2\/pages"}],"about":[{"href":"https:\/\/capagastro2026.org\/en\/wp-json\/wp\/v2\/types\/page"}],"author":[{"embeddable":true,"href":"https:\/\/capagastro2026.org\/en\/wp-json\/wp\/v2\/users\/1"}],"replies":[{"embeddable":true,"href":"https:\/\/capagastro2026.org\/en\/wp-json\/wp\/v2\/comments?post=14"}],"version-history":[{"count":55,"href":"https:\/\/capagastro2026.org\/en\/wp-json\/wp\/v2\/pages\/14\/revisions"}],"predecessor-version":[{"id":403,"href":"https:\/\/capagastro2026.org\/en\/wp-json\/wp\/v2\/pages\/14\/revisions\/403"}],"wp:attachment":[{"href":"https:\/\/capagastro2026.org\/en\/wp-json\/wp\/v2\/media?parent=14"}],"curies":[{"name":"wp","href":"https:\/\/api.w.org\/{rel}","templated":true}]}}